{"id":19312,"date":"2025-01-08T19:14:50","date_gmt":"2025-01-08T18:14:50","guid":{"rendered":"https:\/\/www.kanefer.com\/?page_id=19312"},"modified":"2025-03-10T21:57:37","modified_gmt":"2025-03-10T20:57:37","slug":"experiencia","status":"publish","type":"page","link":"https:\/\/kanefer.com\/es\/experiencia\/","title":{"rendered":"La Experiencia"},"content":{"rendered":"\t\t<div data-elementor-type=\"wp-page\" data-elementor-id=\"19312\" class=\"elementor elementor-19312\">\n\t\t\t\t<div class=\"elementor-element elementor-element-5742773 e-flex e-con-boxed e-con e-parent\" data-id=\"5742773\" data-element_type=\"container\" data-e-type=\"container\" data-settings=\"{&quot;jet_parallax_layout_list&quot;:[]}\">\n\t\t\t\t\t<div class=\"e-con-inner\">\n\t\t\t\t<div class=\"elementor-element elementor-element-9bb8714 elementor-widget elementor-widget-heading\" data-id=\"9bb8714\" data-element_type=\"widget\" data-e-type=\"widget\" data-widget_type=\"heading.default\">\n\t\t\t\t\t<h1 class=\"elementor-heading-title elementor-size-default\">La Experiencia<\/h1>\t\t\t\t<\/div>\n\t\t\t\t\t<\/div>\n\t\t\t\t<\/div>\n\t\t<div class=\"elementor-element elementor-element-a66b08d e-flex e-con-boxed e-con e-parent\" data-id=\"a66b08d\" data-element_type=\"container\" data-e-type=\"container\" data-settings=\"{&quot;jet_parallax_layout_list&quot;:[]}\">\n\t\t\t\t\t<div class=\"e-con-inner\">\n\t\t<div class=\"elementor-element elementor-element-1032f65 e-con-full e-flex e-con e-child\" data-id=\"1032f65\" data-element_type=\"container\" data-e-type=\"container\" data-settings=\"{&quot;jet_parallax_layout_list&quot;:[]}\">\n\t\t\t\t<div class=\"elementor-element elementor-element-53393cc elementor-widget elementor-widget-text-editor\" data-id=\"53393cc\" data-element_type=\"widget\" data-e-type=\"widget\" data-widget_type=\"text-editor.default\">\n\t\t\t\t\t\t\t\t\t<h2>La Experiencia InnerDance es una pr\u00e1ctica espiritual que combina trance profundo, movimiento intuitivo y trabajo energ\u00e9tico. El objetivo de la Experiencia InnerDance es facilitar la sanaci\u00f3n y el despertar espiritual, liber\u00e1ndonos de creencias limitantes y conect\u00e1ndonos con nuestro verdadero ser.<\/h2>\t\t\t\t\t\t\t\t<\/div>\n\t\t\t\t<\/div>\n\t\t<div class=\"elementor-element elementor-element-3dea2b1 e-con-full e-flex e-con e-child\" data-id=\"3dea2b1\" data-element_type=\"container\" data-e-type=\"container\" data-settings=\"{&quot;jet_parallax_layout_list&quot;:[]}\">\n\t\t\t\t<div class=\"elementor-element elementor-element-e6f710e elementor-widget elementor-widget-video\" data-id=\"e6f710e\" data-element_type=\"widget\" data-e-type=\"widget\" data-settings=\"{&quot;youtube_url&quot;:&quot;https:\\\/\\\/youtu.be\\\/UScFXnQ2TFQ&quot;,&quot;video_type&quot;:&quot;youtube&quot;,&quot;controls&quot;:&quot;yes&quot;}\" data-widget_type=\"video.default\">\n\t\t\t\t\t\t\t<div class=\"elementor-wrapper elementor-open-inline\">\n\t\t\t<div class=\"elementor-video\"><\/div>\t\t<\/div>\n\t\t\t\t\t\t<\/div>\n\t\t\t\t<\/div>\n\t\t\t\t\t<\/div>\n\t\t\t\t<\/div>\n\t\t<div class=\"elementor-element elementor-element-a1bb337 e-flex e-con-boxed e-con e-parent\" data-id=\"a1bb337\" data-element_type=\"container\" data-e-type=\"container\" data-settings=\"{&quot;jet_parallax_layout_list&quot;:[]}\">\n\t\t\t\t\t<div class=\"e-con-inner\">\n\t\t\t\t<div class=\"elementor-element elementor-element-a3929bb elementor-widget elementor-widget-text-editor\" data-id=\"a3929bb\" data-element_type=\"widget\" data-e-type=\"widget\" data-widget_type=\"text-editor.default\">\n\t\t\t\t\t\t\t\t\t<h2 style=\"text-align: center;\">El Kundalini: La Fuerza Divina de la Conciencia<\/h2><p class=\"p1\">El Kundalini es el poder esencial que sustenta la conciencia, los cuerpos f\u00edsico, et\u00e9reo y astral. No es una energ\u00eda dormida, sino una fuerza divina que, desde su centro de operaciones en el chakra ra\u00edz, Muladhara, mantiene las funciones b\u00e1sicas de cada ser humano.<\/p><p class=\"p1\">El ascenso del Kundalini a trav\u00e9s de los chakras, representado simb\u00f3licamente como una serpiente, es un proceso evolutivo y trascendental que nos conecta con nuestra esencia divina. Este arquetipo ha sido reconocido a lo largo de la historia en diversas culturas: las coronas de los faraones egipcios, la serpiente del Ed\u00e9n, Quetzalc\u00f3atl entre los aztecas y numerosos s\u00edmbolos religiosos rinden tributo a este poderoso proceso. Todos ellos destacan la capacidad inherente del ser humano para trascender las limitaciones del cuerpo y la mente y alcanzar su potencial m\u00e1s elevado.<\/p><h2 style=\"text-align: center;\">La Transmisi\u00f3n<\/h2><p class=\"p1\">En 2012, coincidiendo con el final del Bakt\u00fan 13 en el calendario maya, la Gran Madre otorg\u00f3 una transmisi\u00f3n destinada a acelerar la evoluci\u00f3n de la conciencia colectiva. Este evento marc\u00f3 un punto de inflexi\u00f3n al permitir el ascenso colectivo del poder Kundalini, actuando como un catalizador para el pr\u00f3ximo paso en nuestra evoluci\u00f3n espiritual.<\/p><p class=\"p1\">Desde entonces, individuos alrededor del mundo han recibido la capacidad de servir como facilitadores en el proceso de activaci\u00f3n y ascenso del Kundalini. Estas personas, a trav\u00e9s de su gu\u00eda y apoyo, ayudan a otros a integrar esta experiencia de manera segura y enriquecedora. Este trabajo no solo impulsa el progreso espiritual individual, sino que tambi\u00e9n contribuye a la sanaci\u00f3n y evoluci\u00f3n de la humanidad como colectivo.<\/p><blockquote><p>Mi trabajo consiste en hacer honor a la transmisi\u00f3n original, desde un espacio de humildad, amor, respeto y coherencia.<\/p><\/blockquote><h2 class=\"p1 selectionShareable\" style=\"text-align: center;\">\u00bfQu\u00e9 puedes experimentar?<\/h2><p>Durante la Experiencia, se pedir\u00e1 a los asistentes tumbarse con las palmas hacia arriba mientras una lista musical espec\u00edficamente seleccionada suena de fondo.<\/p><p>Durante aproximadamente una hora, como facilitador me acercar\u00e9 a cada uno de los asistentes para tocar (de ser necesario), distintos puntos energ\u00e9ticos que daran inicio al proceso de cada individuo.<\/p><p>La experiencia de persona es \u00fanico y depende de su estado emocional, espiritual y biol\u00f3gico. Sin embargo, alguno de los efectos m\u00e1s frecuentes incluyen:<\/p><ul><li class=\"p3\">Movimientos espont\u00e1neos producto del vayu\/prana movi\u00e9ndose por el cuerpo. Esta energ\u00eda suele ascender desde la base de la columna vertebral hasta la coronilla, desencadenando experiencias transformadoras.<\/li><li class=\"p3\">Liberaci\u00f3n cat\u00e1rtica de distintas formas, como llanto, movimientos intensos, gritos, risas, vocalizaciones, liberaciones corporales o regresiones. La catarsis permite liberar energ\u00edas negativas y emociones reprimidas.<\/li><li class=\"p3\">Facilita la sanaci\u00f3n al permitir que el cuerpo active sus capacidades naturales de curaci\u00f3n. Las personas en un estado de transformaci\u00f3n y liberaci\u00f3n son m\u00e1s propensas a experimentar una sanaci\u00f3n profunda.<\/li><li class=\"p3\">Acceso a un estado superior de conciencia (ondas cerebrales alfa y beta) mientras se mantiene un espacio para la meditaci\u00f3n profunda (ondas cerebrales delta y theta). Este proceso activa partes dormidas del cerebro, reconfigurando conexiones neuronales y llevando a un estado de \u00e9xtasis.<\/li><li class=\"p3\">Ayuda a liberarse de creencias limitantes y del \u201ctrance de la vida cotidiana\u201d, permitiendo a las personas percibir la realidad desde una perspectiva m\u00e1s amplia y expansiva.<\/li><li class=\"p3\">Es un regreso a la naturaleza y a la simplicidad, evocando la sabidur\u00eda de las tradiciones ind\u00edgenas y de nuestros ancestros.<\/li><li class=\"p3\">Ayuda a las personas a conectarse con sus energ\u00edas internas Divinas Masculinas y Femeninas, representadas por el Gran Padre y la Gran Madre interiores.<\/li><\/ul>\t\t\t\t\t\t\t\t<\/div>\n\t\t\t\t<div class=\"elementor-element elementor-element-6456fa4 elementor-widget elementor-widget-ameliaeventslistbooking\" data-id=\"6456fa4\" data-element_type=\"widget\" data-e-type=\"widget\" data-widget_type=\"ameliaeventslistbooking.default\">\n\t\t\t\t<div class=\"elementor-widget-container\">\n\t\t\t\t\t<script>\n  if (typeof hasAmeliaEvent === 'undefined') {\n    var hasAmeliaEvent = true;\n  }\n  if (typeof hasEventApiCall === 'undefined' && '' === '') {\n    var hasEventApiCall = true;\n  }\n  var hasEventShortcode = (typeof hasEventShortcode === 'undefined') ? false : true;\n  var ameliaShortcodeData = (typeof ameliaShortcodeData === 'undefined') ? [] : ameliaShortcodeData;\n  ameliaShortcodeData.push(\n    {\n      'hasApiCall': (typeof hasEventApiCall !== 'undefined') && hasEventApiCall,\n      'trigger': '',\n      'trigger_type': '',\n      'triggered_form': 'elf',\n      'in_dialog': '',\n      'counter': '1000',\n      'employee': '',\n      'eventId': '',\n      'eventRecurring': 0,\n      'eventTag': \"\",\n      'locationId': \"\"\n    }\n  );\n  var ameliaShortcodeDataTriggered = (typeof ameliaShortcodeDataTriggered === 'undefined') ? [] : ameliaShortcodeDataTriggered;\n  if (ameliaShortcodeData[ameliaShortcodeData.length - 1].trigger !== '') {\n    if (ameliaShortcodeDataTriggered.filter(a => a.counter === ameliaShortcodeData[ameliaShortcodeData.length - 1].counter).length === 0) {\n      ameliaShortcodeDataTriggered.push(ameliaShortcodeData.pop());\n    } else {\n      ameliaShortcodeData.pop()\n    }\n  }\n  if (typeof hasEventApiCall !== 'undefined' && hasEventApiCall) {\n    hasEventApiCall = false;\n  }\n<\/script>\n\n<div\n  id=\"amelia-v2-booking-1000\"\n  class=\"amelia-v2-booking\"\n>\n    <events-list-form-wrapper><\/div>\n\t\t\t\t<\/div>\n\t\t\t\t<\/div>\n\t\t\t\t\t<\/div>\n\t\t\t\t<\/div>\n\t\t\t\t<\/div>\n\t\t","protected":false},"excerpt":{"rendered":"<p>La Experiencia La Experiencia InnerDance es una pr\u00e1ctica espiritual que combina trance profundo, movimiento intuitivo y trabajo energ\u00e9tico. El objetivo de la Experiencia InnerDance es facilitar la sanaci\u00f3n y el despertar espiritual, liber\u00e1ndonos de creencias limitantes y conect\u00e1ndonos con nuestro verdadero ser. https:\/\/youtu.be\/UScFXnQ2TFQ El Kundalini: La Fuerza Divina de la Conciencia El Kundalini es el poder esencial que sustenta la conciencia, los cuerpos f\u00edsico, et\u00e9reo&#8230; <\/p>\n<p class=\"more\"><a class=\"more-link\" href=\"https:\/\/kanefer.com\/es\/experiencia\/\">Seguir leyendo<\/a><\/p>","protected":false},"author":1,"featured_media":19108,"parent":0,"menu_order":0,"comment_status":"closed","ping_status":"closed","template":"elementor_header_footer","meta":{"footnotes":""},"class_list":["post-19312","page","type-page","status-publish","has-post-thumbnail","hentry","is-cat-link-line-before"],"yoast_head":"<!-- This site is optimized with the Yoast SEO plugin v27.2 - https:\/\/yoast.com\/product\/yoast-seo-wordpress\/ -->\n<title>La Experiencia - Kanefer<\/title>\n<meta name=\"robots\" content=\"index, follow, max-snippet:-1, max-image-preview:large, max-video-preview:-1\" \/>\n<link rel=\"canonical\" href=\"https:\/\/kanefer.com\/es\/experiencia\/\" \/>\n<meta property=\"og:locale\" content=\"es_ES\" \/>\n<meta property=\"og:type\" content=\"article\" \/>\n<meta property=\"og:title\" content=\"La Experiencia - Kanefer\" \/>\n<meta property=\"og:description\" content=\"La Experiencia La Experiencia InnerDance es una pr\u00e1ctica espiritual que combina trance profundo, movimiento intuitivo y trabajo energ\u00e9tico. El objetivo de la Experiencia InnerDance es facilitar la sanaci\u00f3n y el despertar espiritual, liber\u00e1ndonos de creencias limitantes y conect\u00e1ndonos con nuestro verdadero ser. https:\/\/youtu.be\/UScFXnQ2TFQ El Kundalini: La Fuerza Divina de la Conciencia El Kundalini es el poder esencial que sustenta la conciencia, los cuerpos f\u00edsico, et\u00e9reo... Read More\" \/>\n<meta property=\"og:url\" content=\"https:\/\/kanefer.com\/es\/experiencia\/\" \/>\n<meta property=\"og:site_name\" content=\"Kanefer\" \/>\n<meta property=\"article:modified_time\" content=\"2025-03-10T20:57:37+00:00\" \/>\n<meta property=\"og:image\" content=\"https:\/\/kanefer.com\/wp-content\/uploads\/2025\/01\/Screenshot-2025-01-06-at-12.55.24\u202fAM-2.png\" \/>\n\t<meta property=\"og:image:width\" content=\"2220\" \/>\n\t<meta property=\"og:image:height\" content=\"1246\" \/>\n\t<meta property=\"og:image:type\" content=\"image\/png\" \/>\n<meta name=\"twitter:card\" content=\"summary_large_image\" \/>\n<meta name=\"twitter:label1\" content=\"Tiempo de lectura\" \/>\n\t<meta name=\"twitter:data1\" content=\"1 minuto\" \/>\n<script type=\"application\/ld+json\" class=\"yoast-schema-graph\">{\"@context\":\"https:\/\/schema.org\",\"@graph\":[{\"@type\":\"WebPage\",\"@id\":\"https:\/\/kanefer.com\/experiencia\/\",\"url\":\"https:\/\/kanefer.com\/experiencia\/\",\"name\":\"La Experiencia - Kanefer\",\"isPartOf\":{\"@id\":\"https:\/\/kanefer.com\/#website\"},\"primaryImageOfPage\":{\"@id\":\"https:\/\/kanefer.com\/experiencia\/#primaryimage\"},\"image\":{\"@id\":\"https:\/\/kanefer.com\/experiencia\/#primaryimage\"},\"thumbnailUrl\":\"https:\/\/kanefer.com\/wp-content\/uploads\/2025\/01\/Screenshot-2025-01-06-at-12.55.24\u202fAM-2.png\",\"datePublished\":\"2025-01-08T18:14:50+00:00\",\"dateModified\":\"2025-03-10T20:57:37+00:00\",\"breadcrumb\":{\"@id\":\"https:\/\/kanefer.com\/experiencia\/#breadcrumb\"},\"inLanguage\":\"es\",\"potentialAction\":[{\"@type\":\"ReadAction\",\"target\":[\"https:\/\/kanefer.com\/experiencia\/\"]}]},{\"@type\":\"ImageObject\",\"inLanguage\":\"es\",\"@id\":\"https:\/\/kanefer.com\/experiencia\/#primaryimage\",\"url\":\"https:\/\/kanefer.com\/wp-content\/uploads\/2025\/01\/Screenshot-2025-01-06-at-12.55.24\u202fAM-2.png\",\"contentUrl\":\"https:\/\/kanefer.com\/wp-content\/uploads\/2025\/01\/Screenshot-2025-01-06-at-12.55.24\u202fAM-2.png\",\"width\":2220,\"height\":1246,\"caption\":\"Nicolas Kanefer\"},{\"@type\":\"BreadcrumbList\",\"@id\":\"https:\/\/kanefer.com\/experiencia\/#breadcrumb\",\"itemListElement\":[{\"@type\":\"ListItem\",\"position\":1,\"name\":\"Inicio\",\"item\":\"https:\/\/kanefer.com\/\"},{\"@type\":\"ListItem\",\"position\":2,\"name\":\"La Experiencia\"}]},{\"@type\":\"WebSite\",\"@id\":\"https:\/\/kanefer.com\/#website\",\"url\":\"https:\/\/kanefer.com\/\",\"name\":\"Nicolas Kanefer\",\"description\":\"Al servicio de la Madre Divina\",\"potentialAction\":[{\"@type\":\"SearchAction\",\"target\":{\"@type\":\"EntryPoint\",\"urlTemplate\":\"https:\/\/kanefer.com\/?s={search_term_string}\"},\"query-input\":{\"@type\":\"PropertyValueSpecification\",\"valueRequired\":true,\"valueName\":\"search_term_string\"}}],\"inLanguage\":\"es\"}]}<\/script>\n<!-- \/ Yoast SEO plugin. -->","yoast_head_json":{"title":"La Experiencia - Kanefer","robots":{"index":"index","follow":"follow","max-snippet":"max-snippet:-1","max-image-preview":"max-image-preview:large","max-video-preview":"max-video-preview:-1"},"canonical":"https:\/\/kanefer.com\/es\/experiencia\/","og_locale":"es_ES","og_type":"article","og_title":"La Experiencia - Kanefer","og_description":"La Experiencia La Experiencia InnerDance es una pr\u00e1ctica espiritual que combina trance profundo, movimiento intuitivo y trabajo energ\u00e9tico. El objetivo de la Experiencia InnerDance es facilitar la sanaci\u00f3n y el despertar espiritual, liber\u00e1ndonos de creencias limitantes y conect\u00e1ndonos con nuestro verdadero ser. https:\/\/youtu.be\/UScFXnQ2TFQ El Kundalini: La Fuerza Divina de la Conciencia El Kundalini es el poder esencial que sustenta la conciencia, los cuerpos f\u00edsico, et\u00e9reo... Read More","og_url":"https:\/\/kanefer.com\/es\/experiencia\/","og_site_name":"Kanefer","article_modified_time":"2025-03-10T20:57:37+00:00","og_image":[{"width":2220,"height":1246,"url":"https:\/\/kanefer.com\/wp-content\/uploads\/2025\/01\/Screenshot-2025-01-06-at-12.55.24\u202fAM-2.png","type":"image\/png"}],"twitter_card":"summary_large_image","twitter_misc":{"Tiempo de lectura":"1 minuto"},"schema":{"@context":"https:\/\/schema.org","@graph":[{"@type":"WebPage","@id":"https:\/\/kanefer.com\/experiencia\/","url":"https:\/\/kanefer.com\/experiencia\/","name":"La Experiencia - Kanefer","isPartOf":{"@id":"https:\/\/kanefer.com\/#website"},"primaryImageOfPage":{"@id":"https:\/\/kanefer.com\/experiencia\/#primaryimage"},"image":{"@id":"https:\/\/kanefer.com\/experiencia\/#primaryimage"},"thumbnailUrl":"https:\/\/kanefer.com\/wp-content\/uploads\/2025\/01\/Screenshot-2025-01-06-at-12.55.24\u202fAM-2.png","datePublished":"2025-01-08T18:14:50+00:00","dateModified":"2025-03-10T20:57:37+00:00","breadcrumb":{"@id":"https:\/\/kanefer.com\/experiencia\/#breadcrumb"},"inLanguage":"es","potentialAction":[{"@type":"ReadAction","target":["https:\/\/kanefer.com\/experiencia\/"]}]},{"@type":"ImageObject","inLanguage":"es","@id":"https:\/\/kanefer.com\/experiencia\/#primaryimage","url":"https:\/\/kanefer.com\/wp-content\/uploads\/2025\/01\/Screenshot-2025-01-06-at-12.55.24\u202fAM-2.png","contentUrl":"https:\/\/kanefer.com\/wp-content\/uploads\/2025\/01\/Screenshot-2025-01-06-at-12.55.24\u202fAM-2.png","width":2220,"height":1246,"caption":"Nicolas Kanefer"},{"@type":"BreadcrumbList","@id":"https:\/\/kanefer.com\/experiencia\/#breadcrumb","itemListElement":[{"@type":"ListItem","position":1,"name":"Inicio","item":"https:\/\/kanefer.com\/"},{"@type":"ListItem","position":2,"name":"La Experiencia"}]},{"@type":"WebSite","@id":"https:\/\/kanefer.com\/#website","url":"https:\/\/kanefer.com\/","name":"Nicolas Kanefer","description":"Al servicio de la Madre Divina","potentialAction":[{"@type":"SearchAction","target":{"@type":"EntryPoint","urlTemplate":"https:\/\/kanefer.com\/?s={search_term_string}"},"query-input":{"@type":"PropertyValueSpecification","valueRequired":true,"valueName":"search_term_string"}}],"inLanguage":"es"}]}},"_links":{"self":[{"href":"https:\/\/kanefer.com\/es\/wp-json\/wp\/v2\/pages\/19312","targetHints":{"allow":["GET"]}}],"collection":[{"href":"https:\/\/kanefer.com\/es\/wp-json\/wp\/v2\/pages"}],"about":[{"href":"https:\/\/kanefer.com\/es\/wp-json\/wp\/v2\/types\/page"}],"author":[{"embeddable":true,"href":"https:\/\/kanefer.com\/es\/wp-json\/wp\/v2\/users\/1"}],"replies":[{"embeddable":true,"href":"https:\/\/kanefer.com\/es\/wp-json\/wp\/v2\/comments?post=19312"}],"version-history":[{"count":10,"href":"https:\/\/kanefer.com\/es\/wp-json\/wp\/v2\/pages\/19312\/revisions"}],"predecessor-version":[{"id":19641,"href":"https:\/\/kanefer.com\/es\/wp-json\/wp\/v2\/pages\/19312\/revisions\/19641"}],"wp:featuredmedia":[{"embeddable":true,"href":"https:\/\/kanefer.com\/es\/wp-json\/wp\/v2\/media\/19108"}],"wp:attachment":[{"href":"https:\/\/kanefer.com\/es\/wp-json\/wp\/v2\/media?parent=19312"}],"curies":[{"name":"wp","href":"https:\/\/api.w.org\/{rel}","templated":true}]}}